{"id":1611,"date":"2023-01-17T07:26:25","date_gmt":"2023-01-17T06:26:25","guid":{"rendered":"https:\/\/www.effortproject.eu\/?page_id=1611"},"modified":"2023-11-06T21:33:17","modified_gmt":"2023-11-06T20:33:17","slug":"handleiding-tot-het-gebruik-van-het-kader","status":"publish","type":"page","link":"https:\/\/www.effortproject.eu\/nl\/handleiding-tot-het-gebruik-van-het-kader\/","title":{"rendered":"Handleiding tot het gebruik van het kader"},"content":{"rendered":"<div class=\"wpb-content-wrapper\"><p>[vc_row][vc_column width=&#8221;1\/4&#8243;][vc_wp_custommenu nav_menu=&#8221;47&#8243; title=&#8221;FRAMEWORK FOR TRANSLATION LEVELS A &amp; B&#8221;][\/vc_column][vc_column width=&#8221;3\/4&#8243;][vc_column_text]Deze handleiding is ook beschikbaar in de volgende talen: Deens, Duits, Engels, Fins, Frans, Italiaans, Pools, Roemeens, Sloveens en Spaans. Rechtsboven in het menu kunt u de taal wijzigen.<\/p>\n<p>Bepaalde documenten zijn enkel in het Engels beschikbaar. De zelfbeoordelingstool is beschikbaar in de talen Engels, Italiaans, Pools, Roemeens, Sloveens en Spaans.<\/p>\n<h1>Handleiding tot het gebruik van het kader<\/h1>\n<p>[\/vc_column_text][vc_column_text]<\/p>\n<h2>Wat is het referentiekader?<\/h2>\n<p>In tegenstelling tot het Europees Referentiekader (of ERK) voor vreemde talen bestaat er voor vertalen geen Europees referentiekader. Bovendien ontbreekt er een onderzoekstraditie die toegespitst is op vertaalprestatieniveaus. Het doel van het Derde NACT-voorstel (<em>Third NACT proposal<\/em>) is toewerken naar een gemeenschappelijk Europees referentiekader dat in vertalersopleidingen en in het werkveld kan worden gebruikt.<\/p>\n<p>Dit Derde NACT-voorstel is een herziene versie van het referentiekader dat in het project &#8220;Establishing Competence Levels in the Acquisition of Translation Competence in Written Translation&#8221; is ontwikkeld door de PACTE-groep. De afkorting \u201cNACT\u201d is gebaseerd op de initialen van de Spaanse projectnaam.<\/p>\n<p>Het referentiekader heeft alleen betrekking op schriftelijk vertalen. Het omvat drie vertaalniveaus (A, B en C) en de niveaudescriptoren zijn ontworpen rond vijf componenten of deelcompetenties (taalcompetentie, extralingu\u00efstische competentie, instrumentele competentie, dienstverleningscompetentie, methodologische en strategische competentie). In het raamwerk dat wordt geschetst, zijn de niveaus A en B, met respectievelijke subniveaus, volledig uitgewerkt. Niveau C is alleen in algemene termen gevat; verdere specificatie van dit niveau is een van de doelstellingen van het EFFORT-project.<\/p>\n<p>Het Derde NACT-voorstel kan worden gebruikt door opleiders, studenten, professionals, werkgevers en accreditatie-instellingen op het gebied van vertalen.[\/vc_column_text][vc_column_text]<\/p>\n<h2>Waartoe dient deze handleiding?<\/h2>\n<p>In deze handleiding wordt uitgelegd hoe gebruikers, zoals opleiders, studenten, vertalers, werkgevers en accreditatie-instellingen optimaal voordeel kunnen halen uit het materiaal dat in deze handleiding wordt beschreven. Ze stelt de gebruiker in staat om de vertaalniveaus die in het Derde NACT-voorstel zijn opgenomen beter te begrijpen en om ze doelgericht te hanteren.<\/p>\n<h2>Voor wie is het kader bedoeld?<\/h2>\n<p>Dit referentiekader dient zowel educatieve als professionele doeleinden. Het materiaal op de website kan worden gebruikt door:<\/p>\n<p><strong>Opleiders en onderwijsinstellingen<\/strong><\/p>\n<p>Onderwijsinstellingen en opleiders kunnen inspiratie putten uit het voorstel voor niveaudescriptoren. Die inspiratie kan worden ingezet om een vertaalopleidingsprogramma te ontwikkelen en het programma te vernieuwen; leerresultaten vast te stellen en aan te scherpen; de vorderingen van studenten in bestaande programma&#8217;s te monitoren; nieuwe cursussen en cursusinhoud te ontwerpen; beoordelingsschema&#8217;s uit te werken die rekening houden met de moeilijkheidsgraad van teksten; en de kloof tussen de leerresultaten binnen de vertaalopleiding en de professionele eisen in de professionele vertaalwereld te verkleinen.<\/p>\n<p><strong>Studenten<\/strong><\/p>\n<p>Studenten kunnen de zelfbeoordelingstool gebruiken om hun vertaalprestatieniveau in te schatten. Het kader helpt studenten om sterke en zwakke punten te analyseren en stelt hen in staat om de eigen vertaalprestaties doelgericht te verbeteren. Met de tool kan ook voortgang worden gemeten.<\/p>\n<p><strong>Professionele vertalers<\/strong><\/p>\n<p>Vertalers kunnen informatie over de verschillende niveaus inwinnen en kunnen de zelfbeoordelingstool gebruiken om hiaten in eigen kennis of kunde op te sporen. De zelfbeoordelingstool kan worden ingezet om de vertaalvaardigheid periodiek te meten.<\/p>\n<p><strong>Werkgevers in de taalindustrie<\/strong><\/p>\n<p>De zelfbeoordelingstool, waarmee onderscheid tussen prestatieniveaus kan worden geduid, kan door werkgevers op de vertaalmarkt worden ingezet tijdens selectieprocedures. De tekstvoorbeelden vergemakkelijken de brontekstkeuze voorafgaand aan de selectie en de evaluatie van doelteksten van kandidaten.<\/p>\n<p><strong>Accreditatie-instellingen<\/strong><\/p>\n<p>Accreditatie-instellingen kunnen gebruikmaken van het referentiekader om educatieve en evaluatieve normen voor vertaling te formuleren en het kan dienen als basis voor audits. Bij de erkenning en validering van academische diploma\u2019s en andere certificaten kan het referentiekader een belangrijke rol vertolken.[\/vc_column_text][vc_column_text]<\/p>\n<h2>Hoe kan de handleiding worden gebruikt?<\/h2>\n<p>In deze handleiding wordt materiaal aangereikt.<\/p>\n<p><strong>Het Derde NACT-voorstel tot beschrijving van vertaalcompetentieniveaus<\/strong><\/p>\n<p>Het derde NACT-voorstel onderscheidt verschillende prestatieniveaus. Onderwijsinstellingen kunnen het Derde NACT-voorstel gebruiken om hun vertaalcurricula en leerresultaten te verfijnen en af te stemmen op de eisen van de internationale vertaalmarkt. Werkgevers kunnen ook criteria opstellen met het oog op de een gerichte werving van kandidaten.<\/p>\n<p><strong>Tekstvoorbeelden<\/strong><\/p>\n<p>De handleiding bevat ook de nodige tekstvoorbeelden. De teksten dienen een illustratief doel: ze bevatten praktische voorbeelden van verschillende tekstniveaus en mogelijke vertaalproblemen die in deze teksten worden aangetroffen. Ze maken het mogelijk te differenti\u00ebren tussen de niveaus van vertaalvaardigheid die de vertaler moet kunnen aantikken om teksten te vertalen en problemen doelgericht op te lossen.<\/p>\n<p>Vertaalopleiders en werkgevers op de vertaalmarkt kunnen deze voorbeelden gebruiken om: geschikte teksten te selecteren om studenten of kandidaten te beoordelen; vertaalproblemen te selecteren om studenten of kandidaten te evalueren; de beoordeling van vertaalopdrachten transparanter en eenvoudiger te maken. Studenten en professionele vertalers kunnen deze teksten ook gebruiken om meer inzicht te krijgen in de vooruitgang die ze boeken bij het verwerven van vertaalvaardigheid.<\/p>\n<p><strong>Verklarende woordenlijst<\/strong><\/p>\n<p>De verklarende woordenlijst maakt deel uit van het Derde NACT-voorstel en is voor het gemak zowel in het voorstel als in dit tabblad te vinden. De lijst telt 38 items waarin 79 concepten worden gedefinieerd. De betreffende begrippen zijn ondergebracht in de volgende zeven secties:<\/p>\n<ul>\n<li>Algemene concepten<\/li>\n<li>Concepten omtrent bepaling van tekstniveaus<\/li>\n<li>Concepten omtrent taalcompetentie<\/li>\n<li>Concepten omtrent de extralingu\u00efstische competentie<\/li>\n<li>Concepten omtrent de instrumentele competentie<\/li>\n<li>Concepten omtrent de dienstverleningscompetentie<\/li>\n<li>Concepten omtrent de methodologische en strategische competentie<\/li>\n<\/ul>\n<p>Voor een beter begrip zijn de items in elke sectie geordend op basis van hi\u00ebrarchie en verwantschap.<\/p>\n<p><strong>Veelgestelde vragen (FAQs)<\/strong><\/p>\n<p>Er is een tab met veelgestelde vragen, met definities en beschrijvingen van specialistische vakgebieden, belangrijke termen die in het Derde NACT-voorstel worden gebruikt etc. De antwoorden op de vragen kunnen de gebruiker helpen om het Derde NACT- voorstel te doorgronden en om terminologische of conceptuele problemen op te lossen die tijdens de zelfbeoordelingstest of tijdens het lezen van het voorstel opduiken.<\/p>\n<p><strong>Zelfbeoordelingstool<\/strong><\/p>\n<p>De interactieve zelfbeoordelingstool kan door vertaalstudenten en -professionals worden ingezet om het huidige prestatieniveau voor elke deelcompetentie in te schatten. Zoals blijkt uit de beschrijving kan de gebruiker de beoordeling zelf invullen: de gebruiker hoeft alleen maar te klikken op de stellingen die overeenkomen met zijn of haar situatie en de voltooide zelfbeoordeling te downloaden naar zijn of haar toetstel. Door de zelfbeoordeling regelmatig in te vullen, kunnen gebruikers de behaalde resultaten in de loop van de tijd vergelijken en hun vorderingen volgen.[\/vc_column_text][vc_column_text]<\/p>\n<h2>Over het Derde NACT-voorstel<\/h2>\n<p>Dit document is een voorstel voor vertaalcompetentiebeschrijving op verschillende niveaus. Het doel van het Derde NACT-voorstel is toewerken naar een gemeenschappelijk Europees referentiekader dat binnen vertalersopleidingen en op de vertaalmarkt kan worden gebruikt.<\/p>\n<p><strong>Achtergrondinformatie<\/strong><\/p>\n<p>Het Derde NACT-voorstel is een herziene versie van het voorstel dat is ontwikkeld binnen het NACT-project (het project &#8220;Establishing Competence Levels in the Acquisition of Translation Competence in Written Translation&#8221;), een project dat is uitgevoerd door de PACTE-groep.<\/p>\n<p>Het voorstel is voortgevloeid uit een lang collaboratief proces waarin op grondige wijze de opeenvolgende voorstellen zijn uitgewerkt<\/p>\n<ol>\n<li>Het Eerste NACT-voorstel (<em>First NACT Proposal<\/em>) voor descriptoren. In het kader van het NACT-project is een eerste voorstel voor beschrijving van prestatieniveaus opgesteld. Dit voorstel werd beoordeeld door deskundigen aan de hand van een evaluatievragenlijst. Negenennegentig vertegenwoordigers uit de academische en professionele vertaalwereld, afkomstig uit 16 verschillende Europese landen, hebben het voorstel beoordeeld. Zie: PACTE 2018, PACTE 2019, Hurtado Albir, Kuznik, Rodr\u00edguez-In\u00e9s (2022).<\/li>\n<li>Het Tweede NACT-voorstel (<em>Second NACT Proposal<\/em>). Op basis van de gegevens uit de bovengenoemde evaluatie is het eerste voorstel herzien en is een tweede voorstel ontwikkeld. Zie: Hurtado Albir, Rodr\u00edguez-In\u00e9s (2022).<\/li>\n<li>Het Derde NACT-voorstel (<em>Third NACT Proposal<\/em>). In het kader van het EFFORT-project is het Tweede NACT-voorstel beoordeeld door 20 vertaalopleiders van instellingen die deelnemen aan het project (twee respondenten per instelling). Opleiders hebben een vragenlijst ingevuld. In het Derde NACT-voorstel is de feedback van leden van de EFFORT-groep verwerkt. Het voorstel kan hier worden geraadpleegd.<\/li>\n<\/ol>\n<p><strong>Eigenschappen van het voorstel<\/strong><\/p>\n<p>In de beschrijving wordt alleen naar schriftelijke vertaling verwezen. Het document bevat de volgende paragrafen:<\/p>\n<ol>\n<li>Inleiding<\/li>\n<li>Eigenschappen van het voorstel<\/li>\n<li>Beschrijvende categorie\u00ebn: karakterisering van competenties<\/li>\n<li>Beschrijving van vertaalcompetentieniveaus<\/li>\n<li>Woordenlijst: duiding van concepten en terminologie<\/li>\n<li>Bijlagen met voorbeelden<\/li>\n<li>Bijlagen van deelnemers en beoordelaars<\/li>\n<li>Referenties<\/li>\n<\/ol>\n<p>Er zijn drie vertaalniveaus voorgesteld: niveau A, B en C. Niveau A en B tellen twee subniveaus. Niveau C wordt alleen in algemene termen beschreven.<\/p>\n<p>De descriptoren die per niveau worden uitgewerkt, zijn gekoppeld aan vijf componenten of deelcompetenties. Tezamen vormen die deelcompetenties de hoofdcomponenten van de vertaalcompetenties. De componenten zijn: \u00a0taalcompetentie, extralingu\u00efstische competentie, instrumentele competentie, dienstverleningscompetentie en methodologische en strategische competentie.<\/p>\n<p>Naast de descriptoren voor elk niveau omvat het voorstel:<\/p>\n<ul>\n<li>Een algemene schaal met descriptoren voor elk niveau.<\/li>\n<li>Drie bijlagen met voorbeelden, met onder andere tekstgenres waarvan verwacht wordt dat ze vertaald worden; veronderstelde kennis van wereld en cultuur; bronnengebruik en technologische hulpmiddelen.<\/li>\n<li>Een verklarende woordenlijst met de definities van de belangrijkste gebruikte concepten.<\/li>\n<\/ul>\n<p><strong>Meer informatie:<\/strong><\/p>\n<p>&#8211; PACTE. 2018. \u201cCompetence levels in translation: Working towards a European framework\u201d. <em>The Interpreter and Translator Trainer<\/em> 12 (2): 11-131. <a href=\"https:\/\/www.tandfonline.com\/doi\/abs\/10.1080\/1750399X.2018.1466093\">Gepubliceerde paper<\/a> | <a href=\"https:\/\/ddd.uab.cat\/record\/194868?ln=es\">Post-printversie<\/a>..<\/p>\n<p>&#8211; PACTE. 2019. \u201cEstablecimiento de niveles de competencias en traducci\u00f3n. Primeros resultados del proyecto NACT\u201d. <em>Onom\u00e1zein<\/em> 43: 1-25. <a href=\"https:\/\/ddd.uab.cat\/record\/210792?ln=en\">Open-access paper<\/a> | <a href=\"https:\/\/ddd.uab.cat\/record\/232933\">Portugese versie<\/a>.<\/p>\n<p>&#8211; Hurtado Albir, A.; Kuznik, A. &amp; Rodr\u00edguez-In\u00e9s, P. (2022). \u201cPrimera propuesta de descriptores de nivel. Evaluaci\u00f3n y resultados\u201d\/ \u201cFirst level descriptor proposal. Evaluation and results\u201d. In Hurtado Albir, Amparo &amp; Patricia Rodr\u00edguez-In\u00e9s (eds.). Hacia un marco europeo de niveles de competencias en traducci\u00f3n. El proyecto NACT del grupo PACTE \/ Towards a European framework of competence levels in translation. The PACTE group\u2019s NACT project. <em>MonTI<\/em> N\u00famero Especial\/Special Issue 7: 69-118. <a href=\"https:\/\/www.e-revistes.uji.es\/index.php\/monti\/article\/view\/7114\">Open-acces paper<\/a>.<\/p>\n<p>&#8211; Hurtado Albir, A. &amp; Rodr\u00edguez-In\u00e9s, P. (2022). \u201cSegunda propuesta de descriptores de nivel\u201d \/ \u201cSecond level descriptor proposal\u201d. In Hurtado Albir, Amparo &amp; Patricia Rodr\u00edguez-In\u00e9s (eds.). Hacia un marco europeo de niveles de competencias en traducci\u00f3n. El proyecto NACT del grupo PACTE \/ Towards a European framework of competence levels in translation. The PACTE group\u2019s NACT project. <em>MonTI<\/em> N\u00famero Especial\/Special Issue 7: 119-203. <a href=\"https:\/\/www.e-revistes.uji.es\/index.php\/monti\/article\/view\/7115\">Open-acces paper<\/a>.<\/p>\n<p><strong>Hoe u aan deze publicatie dient te refereren::<\/strong><\/p>\n<p>EFFORT Project (Hurtado Albir, A.; Rodr\u00edguez-In\u00e9s, P.; van Egdom, G.W.) (2023).\u00a0<em>Methodological guide to use the Common European framework of reference for translation levels A and B (non-specialist translator)<\/em>.\u00a0<a href=\"https:\/\/www.effortproject.eu\/framework-for-translation-levels-a-b\/guide-to-use-the-framework\/\">https:\/\/www.effortproject.eu\/framework-for-translation-levels-a-b\/guide-to-use-the-framework\/<\/a><\/p>\n<p>[De vertaling:] EFFORT Project (Hurtado Albir, A.; Rodr\u00edguez-In\u00e9s, P.; van Egdom, G.W.) (2023).\u00a0<em>Methodological guide to use the Common European framework of reference for translation levels A and B (non-specialist translator)<\/em>.\u00a0<a href=\"https:\/\/www.effortproject.eu\/framework-for-translation-levels-a-b\/guide-to-use-the-framework\/\">https:\/\/www.effortproject.eu\/framework-for-translation-levels-a-b\/guide-to-use-the-framework\/<\/a> [vertaald uit het Engels door Gys-Walt van Egdom][\/vc_column_text][\/vc_column][\/vc_row]<\/p>\n<\/div>","protected":false},"excerpt":{"rendered":"<p>[vc_row][vc_column width=&#8221;1\/4&#8243;][vc_wp_custommenu nav_menu=&#8221;47&#8243; title=&#8221;FRAMEWORK FOR TRANSLATION LEVELS A &amp; B&#8221;][\/vc_column][vc_column width=&#8221;3\/4&#8243;][vc_column_text]Deze handleiding is ook beschikbaar in de volgende talen: Deens,<\/p>\n","protected":false},"author":2,"featured_media":0,"parent":0,"menu_order":1,"comment_status":"closed","ping_status":"closed","template":"","meta":{"_acf_changed":false,"_monsterinsights_skip_tracking":false,"_monsterinsights_sitenote_active":false,"_monsterinsights_sitenote_note":"","_monsterinsights_sitenote_category":0,"footnotes":""},"class_list":["post-1611","page","type-page","status-publish","hentry"],"acf":[],"_links":{"self":[{"href":"https:\/\/www.effortproject.eu\/nl\/wp-json\/wp\/v2\/pages\/1611","targetHints":{"allow":["GET"]}}],"collection":[{"href":"https:\/\/www.effortproject.eu\/nl\/wp-json\/wp\/v2\/pages"}],"about":[{"href":"https:\/\/www.effortproject.eu\/nl\/wp-json\/wp\/v2\/types\/page"}],"author":[{"embeddable":true,"href":"https:\/\/www.effortproject.eu\/nl\/wp-json\/wp\/v2\/users\/2"}],"replies":[{"embeddable":true,"href":"https:\/\/www.effortproject.eu\/nl\/wp-json\/wp\/v2\/comments?post=1611"}],"version-history":[{"count":5,"href":"https:\/\/www.effortproject.eu\/nl\/wp-json\/wp\/v2\/pages\/1611\/revisions"}],"predecessor-version":[{"id":2376,"href":"https:\/\/www.effortproject.eu\/nl\/wp-json\/wp\/v2\/pages\/1611\/revisions\/2376"}],"wp:attachment":[{"href":"https:\/\/www.effortproject.eu\/nl\/wp-json\/wp\/v2\/media?parent=1611"}],"curies":[{"name":"wp","href":"https:\/\/api.w.org\/{rel}","templated":true}]}}