{"id":1826,"date":"2022-11-17T08:45:19","date_gmt":"2022-11-17T07:45:19","guid":{"rendered":"https:\/\/www.effortproject.eu\/?page_id=1826"},"modified":"2023-06-26T11:51:30","modified_gmt":"2023-06-26T09:51:30","slug":"home","status":"publish","type":"page","link":"https:\/\/www.effortproject.eu\/fi\/","title":{"rendered":"Home"},"content":{"rendered":"<div class=\"wpb-content-wrapper\"><p>[vc_row][vc_column][vc_column_text]<\/p>\n<h1>European Framework for Translation<\/h1>\n<p>[\/vc_column_text][\/vc_column][\/vc_row][vc_row][vc_column width=&#8221;3\/4&#8243;][vc_column_text]<\/p>\n<h2>Description of the project<\/h2>\n<p>The Erasmus+ project EFFORT (\u201cTowards a European framework of reference for translation\u201d), which is part of Key Action KA2 of the Erasmus+ Strategic Partnerships (Higher Education) programme, is on the go.<\/p>\n<p>Unlike language teaching, which has the Common European Framework of Reference for Languages (CEFR), in the case of translation there is no CEFR, nor is there a comparable research tradition in terms of establishing levels of performance. This project aims to refine written translation levels A (initial) and B (intermediate) developed in the NACT project (Nivelaci\u00f3n de competencias en la Adquisici\u00f3n de la Competencia Traductora -traducci\u00f3n escrita &#8211; NACT &#8211; <!--StartFragment --><span class=\"cf0\">based on the project\u2019s initials in Spanish<\/span><!--EndFragment -->) of the PACTE Group of the Universitat Aut\u00f2noma de Barcelona, and to describe the translator\u2019s areas of specialisation (legal, economic and financial, technical, scientific, and literary) and make a first proposal of descriptors for translation level C (specialist translator).<\/p>\n<p>During the 36 months of the project (Sept 2020-Aug 2023), EFFORT has developed a reference framework describing the key competences in written translation. The aim is to create a common frame of reference that will promote internationalisation in the academic and professional world that can be used beyond the European Union. The EFFORT project is coordinated by the Universitat Aut\u00f2noma de Barcelona (UAB) and has 9 other European partners (translation training centres): Universidad de Granada (UGR, Spain), Uniwersytet Wroclawski (UWr, Poland), Universitatea Alexandru Ioan Cuza Din Iasi (UAIC, Romania), University of Westminster (UoW, United Kingdom), Universit\u00e9 de Gen\u00e8ve (UNIGE, Switzerland), Univerza V Ljubljani (UL, Slovenia), Aarhus Universitet (AU, Denmark), Ita-Suomen Yliopisto (UEF, Finland), and Universiteit Utrecht (UU, The Netherlands).<\/p>\n<p>In addition, it has 28 partner translation training institutions and 4 collaborating professional bodies: the International Federation of Translators (FIT Europe); the European Language Industry Association (ELIA); the Chartered Institute of Linguists (CIOL), and the Instituto Cervantes.[\/vc_column_text][vc_empty_space][vc_single_image image=&#8221;1552&#8243; img_size=&#8221;full&#8221; onclick=&#8221;link_image&#8221;][vc_empty_space][vc_column_text]<\/p>\n<h2>Contact us<\/h2>\n<p><a href=\"mailto:pr.effort@uab.cat\">pr.effort@uab.cat<\/a>[\/vc_column_text][\/vc_column][vc_column width=&#8221;1\/4&#8243;][vc_column_text]<\/p>\n<h2>Highlights \/ Last News<\/h2>\n<p>[\/vc_column_text]\t\t\t<link rel=\"stylesheet\" id=\"basel-blog-general-css\" href=\"https:\/\/www.effortproject.eu\/wp-content\/themes\/basel\/css\/parts\/blog-general.min.css?ver=5.7.2\" type=\"text\/css\" media=\"all\" \/> \t\t\t<div class=\"basel-blog-holder row \" id=\"69e32a52aca97\" data-paged=\"1\" data-atts=\"{&quot;post_type&quot;:&quot;post&quot;,&quot;include&quot;:&quot;&quot;,&quot;custom_query&quot;:&quot;&quot;,&quot;taxonomies&quot;:&quot;&quot;,&quot;pagination&quot;:&quot;&quot;,&quot;parts_title&quot;:&quot;1&quot;,&quot;parts_meta&quot;:&quot;0&quot;,&quot;parts_text&quot;:&quot;0&quot;,&quot;parts_media&quot;:true,&quot;parts_btn&quot;:&quot;0&quot;,&quot;items_per_page&quot;:&quot;4&quot;,&quot;offset&quot;:&quot;&quot;,&quot;orderby&quot;:&quot;date&quot;,&quot;order&quot;:&quot;DESC&quot;,&quot;meta_key&quot;:&quot;&quot;,&quot;exclude&quot;:&quot;&quot;,&quot;class&quot;:&quot;&quot;,&quot;ajax_page&quot;:&quot;&quot;,&quot;img_size&quot;:&quot;thumbnail&quot;,&quot;blog_design&quot;:&quot;small-images&quot;,&quot;blog_columns&quot;:&quot;3&quot;}\"><\/div>[\/vc_column][\/vc_row][vc_row el_class=&#8221;cont-border&#8221;][vc_column][vc_separator][\/vc_column][\/vc_row][vc_row el_class=&#8221;cont-border&#8221;][vc_column width=&#8221;1\/6&#8243;][\/vc_column][vc_column width=&#8221;2\/3&#8243;][vc_column_text]<img loading=\"lazy\" decoding=\"async\" class=\"aligncenter size-medium wp-image-716\" src=\"https:\/\/www.effortproject.eu\/wp-content\/uploads\/cofinanciadoEN-768x167-1-300x65.png\" alt=\"\" width=\"300\" height=\"65\" srcset=\"https:\/\/www.effortproject.eu\/wp-content\/uploads\/cofinanciadoEN-768x167-1-300x65.png 300w, https:\/\/www.effortproject.eu\/wp-content\/uploads\/cofinanciadoEN-768x167-1.png 768w\" sizes=\"auto, (max-width: 300px) 100vw, 300px\" \/><\/p>\n<p style=\"text-align: center;\"><a href=\"http:\/\/www.sepie.es\/\" target=\"_blank\" rel=\"noopener\"><img loading=\"lazy\" decoding=\"async\" class=\"aligncenter wp-image-727 size-full\" src=\"https:\/\/www.effortproject.eu\/wp-content\/uploads\/SEPIE_erasmus_plus.gif\" alt=\"\" width=\"400\" height=\"148\" \/><\/a><\/p>\n<p>[\/vc_column_text][vc_column_text]<\/p>\n<p style=\"text-align: center;\">This project has been funded with support from the European Commission.<br \/>\nThis publication reflects the views only of the author, and the Commission cannot be held responsible for any use which may be made of the information contained therein.<\/p>\n<p>[\/vc_column_text][\/vc_column][vc_column width=&#8221;1\/6&#8243;][\/vc_column][\/vc_row][vc_row el_class=&#8221;cont-border&#8221;][vc_column][vc_separator][vc_row_inner equal_height=&#8221;yes&#8221;][vc_column_inner width=&#8221;1\/5&#8243;][vc_column_text]<img loading=\"lazy\" decoding=\"async\" class=\"alignnone size-full wp-image-370 aligncenter\" src=\"https:\/\/www.effortproject.eu\/wp-content\/uploads\/uab.jpg\" alt=\"\" width=\"480\" height=\"320\" srcset=\"https:\/\/www.effortproject.eu\/wp-content\/uploads\/uab.jpg 480w, https:\/\/www.effortproject.eu\/wp-content\/uploads\/uab-300x200.jpg 300w\" sizes=\"auto, (max-width: 480px) 100vw, 480px\" \/>[\/vc_column_text][\/vc_column_inner][vc_column_inner width=&#8221;1\/5&#8243;][vc_column_text]<img loading=\"lazy\" decoding=\"async\" class=\"alignnone wp-image-304 size-full aligncenter\" src=\"https:\/\/www.effortproject.eu\/wp-content\/uploads\/aarhus.jpg\" alt=\"\" width=\"480\" height=\"320\" srcset=\"https:\/\/www.effortproject.eu\/wp-content\/uploads\/aarhus.jpg 480w, https:\/\/www.effortproject.eu\/wp-content\/uploads\/aarhus-300x200.jpg 300w\" sizes=\"auto, (max-width: 480px) 100vw, 480px\" \/>[\/vc_column_text][\/vc_column_inner][vc_column_inner width=&#8221;1\/5&#8243;][vc_column_text]<img loading=\"lazy\" decoding=\"async\" class=\"alignnone wp-image-326 size-full aligncenter\" src=\"https:\/\/www.effortproject.eu\/wp-content\/uploads\/finland.jpg\" alt=\"\" width=\"480\" height=\"320\" srcset=\"https:\/\/www.effortproject.eu\/wp-content\/uploads\/finland.jpg 480w, https:\/\/www.effortproject.eu\/wp-content\/uploads\/finland-300x200.jpg 300w\" sizes=\"auto, (max-width: 480px) 100vw, 480px\" \/>[\/vc_column_text][\/vc_column_inner][vc_column_inner width=&#8221;1\/5&#8243;][vc_column_text]<img loading=\"lazy\" decoding=\"async\" class=\"alignnone wp-image-392 size-full aligncenter\" src=\"https:\/\/www.effortproject.eu\/wp-content\/uploads\/westminster.jpg\" alt=\"\" width=\"480\" height=\"320\" srcset=\"https:\/\/www.effortproject.eu\/wp-content\/uploads\/westminster.jpg 480w, https:\/\/www.effortproject.eu\/wp-content\/uploads\/westminster-300x200.jpg 300w\" sizes=\"auto, (max-width: 480px) 100vw, 480px\" \/>[\/vc_column_text][\/vc_column_inner][vc_column_inner width=&#8221;1\/5&#8243;][vc_column_text]<img loading=\"lazy\" decoding=\"async\" class=\"alignnone wp-image-348 size-full aligncenter\" src=\"https:\/\/www.effortproject.eu\/wp-content\/uploads\/granada.jpg\" alt=\"\" width=\"480\" height=\"320\" srcset=\"https:\/\/www.effortproject.eu\/wp-content\/uploads\/granada.jpg 480w, https:\/\/www.effortproject.eu\/wp-content\/uploads\/granada-300x200.jpg 300w\" sizes=\"auto, (max-width: 480px) 100vw, 480px\" \/>[\/vc_column_text][\/vc_column_inner][\/vc_row_inner][vc_row_inner equal_height=&#8221;yes&#8221;][vc_column_inner width=&#8221;1\/5&#8243;][vc_column_text]<img loading=\"lazy\" decoding=\"async\" class=\"alignnone wp-image-315 size-full aligncenter\" src=\"https:\/\/www.effortproject.eu\/wp-content\/uploads\/Alexandru.jpg\" alt=\"\" width=\"480\" height=\"320\" srcset=\"https:\/\/www.effortproject.eu\/wp-content\/uploads\/Alexandru.jpg 480w, https:\/\/www.effortproject.eu\/wp-content\/uploads\/Alexandru-300x200.jpg 300w\" sizes=\"auto, (max-width: 480px) 100vw, 480px\" \/><\/p>\n<p>[\/vc_column_text][\/vc_column_inner][vc_column_inner width=&#8221;1\/5&#8243;][vc_column_text]<img loading=\"lazy\" decoding=\"async\" class=\"alignnone wp-image-337 size-full\" src=\"https:\/\/www.effortproject.eu\/wp-content\/uploads\/Geneve.jpg\" alt=\"\" width=\"480\" height=\"320\" srcset=\"https:\/\/www.effortproject.eu\/wp-content\/uploads\/Geneve.jpg 480w, https:\/\/www.effortproject.eu\/wp-content\/uploads\/Geneve-300x200.jpg 300w\" sizes=\"auto, (max-width: 480px) 100vw, 480px\" \/><\/p>\n<p>[\/vc_column_text][\/vc_column_inner][vc_column_inner width=&#8221;1\/5&#8243;][vc_column_text]<img loading=\"lazy\" decoding=\"async\" class=\"alignnone wp-image-381 size-full aligncenter\" src=\"https:\/\/www.effortproject.eu\/wp-content\/uploads\/utrech.jpg\" alt=\"\" width=\"480\" height=\"320\" srcset=\"https:\/\/www.effortproject.eu\/wp-content\/uploads\/utrech.jpg 480w, https:\/\/www.effortproject.eu\/wp-content\/uploads\/utrech-300x200.jpg 300w\" sizes=\"auto, (max-width: 480px) 100vw, 480px\" \/><\/p>\n<p>[\/vc_column_text][\/vc_column_inner][vc_column_inner width=&#8221;1\/5&#8243;][vc_column_text]<img loading=\"lazy\" decoding=\"async\" class=\"alignnone wp-image-359 size-full aligncenter\" src=\"https:\/\/www.effortproject.eu\/wp-content\/uploads\/ljubljani.jpg\" alt=\"\" width=\"480\" height=\"320\" srcset=\"https:\/\/www.effortproject.eu\/wp-content\/uploads\/ljubljani.jpg 480w, https:\/\/www.effortproject.eu\/wp-content\/uploads\/ljubljani-300x200.jpg 300w\" sizes=\"auto, (max-width: 480px) 100vw, 480px\" \/><\/p>\n<p>[\/vc_column_text][\/vc_column_inner][vc_column_inner width=&#8221;1\/5&#8243;][vc_column_text]<img loading=\"lazy\" decoding=\"async\" class=\"alignnone wp-image-403 size-full aligncenter\" src=\"https:\/\/www.effortproject.eu\/wp-content\/uploads\/wroctawski.jpg\" alt=\"\" width=\"480\" height=\"320\" srcset=\"https:\/\/www.effortproject.eu\/wp-content\/uploads\/wroctawski.jpg 480w, https:\/\/www.effortproject.eu\/wp-content\/uploads\/wroctawski-300x200.jpg 300w\" sizes=\"auto, (max-width: 480px) 100vw, 480px\" \/><\/p>\n<p>[\/vc_column_text][\/vc_column_inner][\/vc_row_inner][\/vc_column][\/vc_row]<\/p>\n<\/div>","protected":false},"excerpt":{"rendered":"<p>[vc_row][vc_column][vc_column_text] European Framework for Translation [\/vc_column_text][\/vc_column][\/vc_row][vc_row][vc_column width=&#8221;3\/4&#8243;][vc_column_text] Description of the project The Erasmus+ project EFFORT (\u201cTowards a European framework of<\/p>\n","protected":false},"author":2,"featured_media":0,"parent":0,"menu_order":1,"comment_status":"closed","ping_status":"closed","template":"","meta":{"_acf_changed":false,"_monsterinsights_skip_tracking":false,"_monsterinsights_sitenote_active":false,"_monsterinsights_sitenote_note":"","_monsterinsights_sitenote_category":0,"footnotes":""},"class_list":["post-1826","page","type-page","status-publish","hentry"],"acf":[],"_links":{"self":[{"href":"https:\/\/www.effortproject.eu\/fi\/wp-json\/wp\/v2\/pages\/1826","targetHints":{"allow":["GET"]}}],"collection":[{"href":"https:\/\/www.effortproject.eu\/fi\/wp-json\/wp\/v2\/pages"}],"about":[{"href":"https:\/\/www.effortproject.eu\/fi\/wp-json\/wp\/v2\/types\/page"}],"author":[{"embeddable":true,"href":"https:\/\/www.effortproject.eu\/fi\/wp-json\/wp\/v2\/users\/2"}],"replies":[{"embeddable":true,"href":"https:\/\/www.effortproject.eu\/fi\/wp-json\/wp\/v2\/comments?post=1826"}],"version-history":[{"count":2,"href":"https:\/\/www.effortproject.eu\/fi\/wp-json\/wp\/v2\/pages\/1826\/revisions"}],"predecessor-version":[{"id":1828,"href":"https:\/\/www.effortproject.eu\/fi\/wp-json\/wp\/v2\/pages\/1826\/revisions\/1828"}],"wp:attachment":[{"href":"https:\/\/www.effortproject.eu\/fi\/wp-json\/wp\/v2\/media?parent=1826"}],"curies":[{"name":"wp","href":"https:\/\/api.w.org\/{rel}","templated":true}]}}